{"id":2850,"date":"2023-08-25T17:03:32","date_gmt":"2023-08-25T21:03:32","guid":{"rendered":"https:\/\/www.focolaresciudadnueva.com\/?page_id=2850"},"modified":"2024-03-03T11:59:45","modified_gmt":"2024-03-03T15:59:45","slug":"politica-de-privacidad","status":"publish","type":"page","link":"https:\/\/www.focolaresciudadnueva.com\/inicio\/politica-de-privacidad\/","title":{"rendered":"Principios a los que adhiere la plataforma\u00a0"},"content":{"rendered":"\n<p><strong>Focolares Ciudad Nueva Interamericana<\/strong><\/p>\n\n\n\n<p><strong>1. premisa<\/strong><\/p>\n\n\n\n<p>1.1. Protecci\u00f3n de datos personales y responsabilidad social.<\/p>\n\n\n\n<p>La plataforma Focolares Ciudad Nueva Interamericana reconoce la importancia del derecho a la protecci\u00f3n de datos personales de quienes se relacionan con ella, siendo conscientes de que el derecho a la protecci\u00f3n de datos personales es un derecho fundamental de la persona.<\/p>\n\n\n\n<p>Por lo tanto, se informa que se act\u00faa conforme con el marco universal de derechos para la promoci\u00f3n y protecci\u00f3n del derecho a la intimidad consagrados:&nbsp;<\/p>\n\n\n\n<ul class=\"wp-block-list\">\n<li><a href=\"https:\/\/www.ohchr.org\/SP\/UDHR\/Pages\/Introduction.aspx\"><strong>Declaraci\u00f3n Universal de los Derechos Humanos; Art\u00edculo 12<\/strong><\/a>&nbsp;<\/li>\n\n\n\n<li><a href=\"https:\/\/www.ohchr.org\/SP\/ProfessionalInterest\/Pages\/CCPR.aspx\"><strong>Pacto Internacional de Derechos Civiles y Pol\u00edticos: Art\u00edculo 17<\/strong><\/a>&nbsp;<\/li>\n\n\n\n<li><a href=\"https:\/\/www.ohchr.org\/sp\/professionalinterest\/pages\/crc.aspx\"><strong>Convenci\u00f3n sobre los Derechos del Ni\u00f1o: Art\u00edculo 16<\/strong><\/a><\/li>\n\n\n\n<li><a href=\"https:\/\/www.ohchr.org\/sites\/default\/files\/Documents\/ProfessionalInterest\/cmw.pdf\"><strong>Convenci\u00f3n internacional sobre la protecci\u00f3n de todos los trabajadores migratorios y de sus familiares: Art\u00edculo 14<\/strong><\/a><\/li>\n<\/ul>\n\n\n\n<p>A nivel regional, el derecho a la intimidad est\u00e1 protegido por:<\/p>\n\n\n\n<ul class=\"wp-block-list\">\n<li><a href=\"http:\/\/www.oas.org\/dil\/treaties_B-32_American_Convention_on_Human_Rights.htm\"><strong>Convenci\u00f3n Americana de Derechos Humanos: Art\u00edculo 11<\/strong><\/a><\/li>\n<\/ul>\n\n\n\n<p><strong>1.2. Plataforma Focolares Ciudad Nueva Interamericana<\/strong><\/p>\n\n\n\n<p>En primer lugar, debe especificarse que, en esta divulgaci\u00f3n, cualquier referencia al sitio de Internet debe entenderse como una referencia al sitio <a href=\"http:\/\/www.focolaresciudadnueva.com\">http:\/\/www.focolaresciudadnueva.com<\/a> y sus posibles sitios de segundo nivel, con la salvedad de que cualquier otro sitio referido textualmente o al que debe haber uno o m\u00e1s enlaces en hipertexto u otra forma, no pertenece directamente a la plataforma, a menos que se indique expresamente lo contrario, y, por lo tanto, no se puede rastrear hasta las herramientas de procesamiento de datos personales propiedad de la plataforma. El sitio web <a href=\"http:\/\/www.focolaresciudadnueva.com\">http:\/\/www.focolaresciudadnueva.com<\/a> es una expresi\u00f3n del Movimiento de los Focolares.&nbsp;<\/p>\n\n\n\n<p><strong>2. Responsable del Tratamiento y Responsable del Tratamiento<\/strong><\/p>\n\n\n\n<p>2.1. Titularidad del tratamiento<\/p>\n\n\n\n<p>La direcci\u00f3n de la plataforma opera como ente de control de datos.<\/p>\n\n\n\n<p><strong>2.2. Responsabilidad del tratamiento<\/strong><\/p>\n\n\n\n<p>La direcci\u00f3n de la plataforma tambi\u00e9n realiza las funciones de control de datos, con el fin de proporcionar informaci\u00f3n al interesado para el ejercicio de sus derechos.&nbsp;<\/p>\n\n\n\n<p>Por tanto, es posible dirigirse a la direcci\u00f3n de la plataforma para cualquier petici\u00f3n, aclaraci\u00f3n o respuesta sobre la aplicaci\u00f3n de la legislaci\u00f3n sobre protecci\u00f3n de datos de car\u00e1cter personal y para el ejercicio concreto de los derechos del interesado. A tal efecto, para facilitar al interesado el ejercicio de sus derechos y la interacci\u00f3n con la plataforma antes indicadas, se facilita el siguiente correo:<\/p>\n\n\n\n<ul class=\"wp-block-list\">\n<li>direcci\u00f3n de correo electr\u00f3nico: principios@<a href=\"http:\/\/www.focolaresciudadnueva.com\">focolaresciudadnueva.com<\/a><\/li>\n\n\n\n<li>direcci\u00f3n del sitio web: <a href=\"http:\/\/www.focolaresciudadnueva.com\/\">http:\/\/www.focolaresciudadnueva.com\/<\/a>&nbsp;<\/li>\n<\/ul>\n\n\n\n<p><strong>2.3. Responsabilidad de Protecci\u00f3n de Datos<\/strong><\/p>\n\n\n\n<p>Se cuenta con el acompa\u00f1amiento en esta tem\u00e1tica del abogado Miguel Ni\u00f1o Sandoval, que se puede contactar en el correo electr\u00f3nico <a href=\"mailto:privacidad@focolaresciudadnueva.com\">principios@focolaresciudadnueva.com<\/a>&nbsp;<\/p>\n\n\n\n<p><strong>3. Finalidad del tratamiento de datos<\/strong><\/p>\n\n\n\n<p><strong>3.1. Premisa<\/strong><\/p>\n\n\n\n<p>La plataforma Focolares Ciudad Nueva Interamericana, a trav\u00e9s de su sitio web, persigue fines relacionados con el desarrollo de su actividad editorial, period\u00edstica e informativa del Movimiento de los Focolares. Las finalidades de la informaci\u00f3n tambi\u00e9n incluyen la descripci\u00f3n de los productos y servicios ofrecidos.<\/p>\n\n\n\n<p>Otros fines se refieren a la mejora de la eficiencia del sitio de Internet, mediante la indicaci\u00f3n de la direcci\u00f3n de correo electr\u00f3nico a la que es posible dirigir, voluntaria y opcionalmente, comunicaciones espec\u00edficas relacionadas con la funcionalidad y la presencia de los contenidos del propio sitio.<\/p>\n\n\n\n<p><strong>3.2. Datos respaldados por el consentimiento expreso del interesado<\/strong><\/p>\n\n\n\n<p>La plataforma Focolares Ciudad Nueva Interamericana, a trav\u00e9s de su sitio web, puede adquirir determinados datos de car\u00e1cter personal con la autorizaci\u00f3n expresa de los interesados \u200b\u200by en concreto: nombre y apellidos, n\u00famero de identificaci\u00f3n, direcci\u00f3n postal, tel\u00e9fono y correo electr\u00f3nico.<\/p>\n\n\n\n<p>Estos datos son necesarios para la ejecuci\u00f3n del contrato de suscripci\u00f3n solicitado por el interesado a las publicaciones de la plataforma Focolares Ciudad Nueva Interamericana.&nbsp;<\/p>\n\n\n\n<p>El nombre y apellidos y la direcci\u00f3n de correo electr\u00f3nico son necesarios para que los interesados \u200b\u200bpuedan dirigir, voluntaria y opcionalmente, comunicaciones espec\u00edficas relativas a la funcionalidad y presencia de los contenidos del sitio de Internet.<\/p>\n\n\n\n<p>Con la autorizaci\u00f3n expresa de los interesados, los datos personales recabados directamente por la plataforma Focolares Ciudad Nueva Interamericana, podr\u00e1n ser utilizados con fines de divulgaci\u00f3n de la plataforma, para la realizaci\u00f3n de b\u00fasquedas o comunicaci\u00f3n siempre referida al mismo fin.&nbsp;<\/p>\n\n\n\n<p><strong>3.3. Datos no respaldados por el consentimiento expreso del interesado<\/strong><\/p>\n\n\n\n<p>En caso de que los datos personales proporcionados contengan datos sensibles y\/o judiciales, los mismos ser\u00e1n cancelados y\/o destruidos por <a href=\"http:\/\/www.focolaresciudadnueva.com\">http:\/\/www.focolaresciudadnueva.com<\/a>&nbsp;<\/p>\n\n\n\n<p>La plataforma Focolares Ciudad Nueva interamericana tambi\u00e9n se reserva el derecho de cancelar los datos relativos a terceros para los que no se haya otorgado el necesario consentimiento por escrito, cuando as\u00ed se requiera.<\/p>\n\n\n\n<p><strong>3.4. Finalidades excluidas<\/strong><\/p>\n\n\n\n<p>En cualquier caso, los datos personales recogidos directamente por la plataforma Focolares Ciudad Nueva Interamericana es responsable del tratamiento, no se utilizan para definir perfiles o personalidad del interesado, ni para la venta directa.<\/p>\n\n\n\n<p><strong>4. M\u00e9todos de procesamiento de datos<\/strong><\/p>\n\n\n\n<p>4.1. Herramientas y soportes para el procesamiento de datos<\/p>\n\n\n\n<p>El tratamiento de datos se realiza con sistemas inform\u00e1ticos y telem\u00e1ticos y con instrumentos electr\u00f3nicos.<\/p>\n\n\n\n<p>El tratamiento de datos tambi\u00e9n se realiza con sistemas inform\u00e1ticos y telem\u00e1ticos presentes en la sede de la plataforma Focolares Ciudad Nueva Interamericana o, en todo caso, con herramientas inform\u00e1ticas propiedad del mismo o, en su caso, de los encargados del tratamiento, en cumplimiento con las medidas de seguridad exigidas por la legislaci\u00f3n vigente y, en todo caso, por las impartidas por el responsable del tratamiento.<\/p>\n\n\n\n<p>El procesamiento de datos tambi\u00e9n puede realizarse con herramientas no electr\u00f3nicas, incluido el uso de soporte en papel.<\/p>\n\n\n\n<p><strong>4.2. Operaciones de procesamiento<\/strong><\/p>\n\n\n\n<p>Las operaciones de tratamiento pueden consistir en una o varias operaciones relativas a la recogida de datos, su registro, organizaci\u00f3n, almacenamiento, consulta, tratamiento, modificaci\u00f3n, selecci\u00f3n, extracci\u00f3n, comparaci\u00f3n, uso, interconexi\u00f3n, bloqueo, comunicaci\u00f3n (seg\u00fan se especifica en el apartado 3.3 siguiente), cancelaci\u00f3n y destrucci\u00f3n, incluso con independencia de su registro en una base de datos.<\/p>\n\n\n\n<p><strong>4.3. Difusi\u00f3n de datos<\/strong><\/p>\n\n\n\n<p>En cualquier caso, los datos personales no ser\u00e1n cedidos, salvo petici\u00f3n expresa del interesado, posiblemente tambi\u00e9n en ejecuci\u00f3n de disposiciones contractuales espec\u00edficas con el interesado. En tales casos, el alcance de la difusi\u00f3n de datos queda contenido dentro de los l\u00edmites de la solicitud del interesado o de los acuerdos contractuales celebrados.<\/p>\n\n\n\n<p>Sin embargo, es posible que solo se difundan datos de navegaci\u00f3n del sitio, pero en este caso los datos se difundir\u00e1n de forma agregada y an\u00f3nima, con el fin de realizar encuestas estad\u00edsticas sobre la consulta del sitio de Internet o parte de \u00e9l.<\/p>\n\n\n\n<p><strong>4.4. Galletitas o Cookies<\/strong><\/p>\n\n\n\n<p>Se utiliza una cookie persistente para \u00abrecordar\u00bb la configuraci\u00f3n elegida por el usuario para la secci\u00f3n \u00abMi cuenta\u00bb. La cookie permanece en el PC del navegador hasta que el usuario la borra manualmente o mediante el comando del navegador y tiene una validez de un a\u00f1o. La cookie contiene s\u00f3lo los valores de los argumentos seleccionados por el usuario y la fecha de vencimiento de la propia cookie. No contiene informaci\u00f3n de visitantes o de navegaci\u00f3n. Los datos relacionados con las selecciones de los usuarios no se almacenan en el servidor.<\/p>\n\n\n\n<p><strong>5. Derechos del interesado<\/strong><\/p>\n\n\n\n<p>Los interesados \u200b\u200ba los que se refieren los datos personales tratados por la plataforma Focolares Ciudad Nueva Interamericana gozan de los derechos previstos en el art\u00edculo 11 de la Convenci\u00f3n Americana de Derechos Humanos, y en particular tienen derecho a obtener la confirmaci\u00f3n de la existencia o no de datos personales que les conciernen, aunque a\u00fan no est\u00e9n registrados, y su comunicaci\u00f3n en forma inteligible.<\/p>\n\n\n\n<p>En cualquier caso y en cualquier momento, los interesados \u200b\u200bpueden revocar el consentimiento prestado para el tratamiento de sus datos personales sin que ello perjudique la licitud del tratamiento basado en el consentimiento previo a la revocaci\u00f3n.<\/p>\n\n\n\n<p>Las solicitudes se pueden enviar a la plataforma Focolares Ciudad Nueva Interamericana.&nbsp;<\/p>\n\n\n\n<p><strong>6. Avisos legales para el acceso y uso del sitio web <\/strong><a href=\"http:\/\/www.cittanuova.it\/\"><strong>http:\/\/www.focolaresciudadnueva.com<\/strong><\/a><\/p>\n\n\n\n<p>Las siguientes condiciones de uso se aplican a cualquier visitante del sitio. El usuario del sitio acepta lo siguiente.<\/p>\n\n\n\n<p><strong>6.1 Informaci\u00f3n contenida en el sitio y responsabilidad<\/strong><\/p>\n\n\n\n<p>Este sitio est\u00e1 gestionado por <a href=\"http:\/\/www.focolaresciudadnueva.com\">www.focolaresciudadnueva.com<\/a> la plataforma y la informaci\u00f3n contenida en el mismo tienen fines meramente informativos y hace todo lo posible para proporcionar informaci\u00f3n precisa y actualizada, pero no asume responsabilidad ni garantiza la integridad de la informaci\u00f3n contenida en el mismo.<\/p>\n\n\n\n<p>El usuario del sitio es el \u00fanico responsable de los datos e informaci\u00f3n ingresados \u200b\u200bpor \u00e9l, de las opiniones expresadas en los espacios de discusi\u00f3n tanto p\u00fablicos como privados, y de todas las acciones que de alguna manera impliquen interacci\u00f3n con los dem\u00e1s usuarios o con el sitio web. <a href=\"http:\/\/www.focolaresciudadnueva.com\">http:\/\/www.focolaresciudadnueva.com<\/a>&nbsp;<\/p>\n\n\n\n<h2 class=\"wp-block-heading\"><strong>A todos los miembros de la Obra de Mar\u00eda de la Zona Interamericana<\/strong>:<\/h2>\n\n\n\n<div data-wp-interactive=\"core\/file\" class=\"wp-block-file\"><object data-wp-bind--hidden=\"!state.hasPdfPreview\" hidden class=\"wp-block-file__embed\" data=\"https:\/\/www.focolaresciudadnueva.com\/wp-content\/uploads\/2024\/03\/A_todos_los_miembros_de_la_Obra_II_Relacion.pdf\" type=\"application\/pdf\" style=\"width:100%;height:770px\" aria-label=\"Incrustado de A_todos_los_miembros_de_la_Obra_II_Relacion.\"><\/object><a id=\"wp-block-file--media-b254dbcf-87d0-4355-b167-24d4eca922ed\" href=\"https:\/\/www.focolaresciudadnueva.com\/wp-content\/uploads\/2024\/03\/A_todos_los_miembros_de_la_Obra_II_Relacion.pdf\">A_todos_los_miembros_de_la_Obra_II_Relacion<\/a><a href=\"https:\/\/www.focolaresciudadnueva.com\/wp-content\/uploads\/2024\/03\/A_todos_los_miembros_de_la_Obra_II_Relacion.pdf\" class=\"wp-block-file__button wp-element-button\" download aria-describedby=\"wp-block-file--media-b254dbcf-87d0-4355-b167-24d4eca922ed\">Descarga<\/a><\/div>\n\n\n\n<div data-wp-interactive=\"core\/file\" class=\"wp-block-file\"><object data-wp-bind--hidden=\"!state.hasPdfPreview\" hidden class=\"wp-block-file__embed\" data=\"https:\/\/www.focolaresciudadnueva.com\/wp-content\/uploads\/2024\/03\/Informe_2023_Tutela_Persona-ESP.pdf\" type=\"application\/pdf\" style=\"width:100%;height:600px\" aria-label=\"Incrustado de Informe_2023_Tutela_Persona-ESP.\"><\/object><a id=\"wp-block-file--media-b4ed23bc-585b-4b97-b485-4ff3d8233d89\" href=\"https:\/\/www.focolaresciudadnueva.com\/wp-content\/uploads\/2024\/03\/Informe_2023_Tutela_Persona-ESP.pdf\">Informe_2023_Tutela_Persona-ESP<\/a><a href=\"https:\/\/www.focolaresciudadnueva.com\/wp-content\/uploads\/2024\/03\/Informe_2023_Tutela_Persona-ESP.pdf\" class=\"wp-block-file__button wp-element-button\" download aria-describedby=\"wp-block-file--media-b4ed23bc-585b-4b97-b485-4ff3d8233d89\">Descarga<\/a><\/div>\n","protected":false},"excerpt":{"rendered":"<p>Focolares Ciudad Nueva Interamericana 1. premisa 1.1. Protecci\u00f3n de datos personales y responsabilidad social. La plataforma Focolares Ciudad Nueva Interamericana reconoce la importancia del derecho a la protecci\u00f3n de datos personales de quienes se relacionan con ella, siendo conscientes de que el derecho a la protecci\u00f3n de datos personales es un derecho fundamental de la persona. Por lo tanto, se informa que se act\u00faa conforme &hellip; <a href=\"https:\/\/www.focolaresciudadnueva.com\/inicio\/politica-de-privacidad\/\" class=\"more-link\">Continue reading <span class=\"screen-reader-text\">Principios a los que adhiere la plataforma\u00a0<\/span><\/a><\/p>\n","protected":false},"author":2,"featured_media":0,"parent":0,"menu_order":0,"comment_status":"closed","ping_status":"closed","template":"","meta":{"footnotes":""},"class_list":["post-2850","page","type-page","status-publish","hentry"],"wpmagazine_modules_lite_featured_media_urls":{"thumbnail":"","cvmm-medium":"","cvmm-medium-plus":"","cvmm-portrait":"","cvmm-medium-square":"","cvmm-large":"","cvmm-small":"","full":""},"categories_names":null,"comments_number":"0","_links":{"self":[{"href":"https:\/\/www.focolaresciudadnueva.com\/inicio\/wp-json\/wp\/v2\/pages\/2850","targetHints":{"allow":["GET"]}}],"collection":[{"href":"https:\/\/www.focolaresciudadnueva.com\/inicio\/wp-json\/wp\/v2\/pages"}],"about":[{"href":"https:\/\/www.focolaresciudadnueva.com\/inicio\/wp-json\/wp\/v2\/types\/page"}],"author":[{"embeddable":true,"href":"https:\/\/www.focolaresciudadnueva.com\/inicio\/wp-json\/wp\/v2\/users\/2"}],"replies":[{"embeddable":true,"href":"https:\/\/www.focolaresciudadnueva.com\/inicio\/wp-json\/wp\/v2\/comments?post=2850"}],"version-history":[{"count":3,"href":"https:\/\/www.focolaresciudadnueva.com\/inicio\/wp-json\/wp\/v2\/pages\/2850\/revisions"}],"predecessor-version":[{"id":7233,"href":"https:\/\/www.focolaresciudadnueva.com\/inicio\/wp-json\/wp\/v2\/pages\/2850\/revisions\/7233"}],"wp:attachment":[{"href":"https:\/\/www.focolaresciudadnueva.com\/inicio\/wp-json\/wp\/v2\/media?parent=2850"}],"curies":[{"name":"wp","href":"https:\/\/api.w.org\/{rel}","templated":true}]}}